{"id":2029,"date":"2023-08-18T11:35:43","date_gmt":"2023-08-18T09:35:43","guid":{"rendered":"https:\/\/www.agasalle.es\/?page_id=2029"},"modified":"2023-08-18T11:37:30","modified_gmt":"2023-08-18T09:37:30","slug":"accesibilidad","status":"publish","type":"page","link":"https:\/\/www.agasalle.es\/gl\/accesibilidad\/","title":{"rendered":"Accesibilidade"},"content":{"rendered":"<div class=\"mkdf-row-grid-section-wrapper\"  ><div class=\"mkdf-row-grid-section\"><div class=\"vc_row wpb_row vc_row-fluid vc_custom_1525438945964\" ><div class=\"wpb_column vc_column_container vc_col-sm-12 vc_col-lg-offset-2 vc_col-lg-8 vc_col-md-offset-1 vc_col-md-10 vc_col-sm-offset-0\"><div class=\"vc_column-inner\"><div class=\"wpb_wrapper\"><div class=\"mkdf-section-title-holder   mkdf-st-subtitle-pos-under\" style=\"padding: 0 0 10px 0 10px;text-align: center\">\n\t<div class=\"mkdf-st-inner\">\n\t\t\t\t\t\t\t<h1 class=\"mkdf-st-title\" >\n\t\t\t\tAccesibilidade\t\t\t<\/h1>\n\t\t        \t\t\t<\/div>\n<\/div><div class=\"vc_empty_space\"   style=\"height: 56px\"><span class=\"vc_empty_space_inner\"><\/span><\/div>\n\t<div class=\"wpb_text_column wpb_content_element\" >\n\t\t<div class=\"wpb_wrapper\">\n\t\t\t<div class=\"elementor elementor-2761\" data-elementor-type=\"wp-page\" data-elementor-id=\"2761\" data-elementor-post-type=\"page\">\n<section class=\"elementor-section elementor-top-section elementor-element elementor-element-54bd9d0a elementor-section-boxed elementor-section-height-default elementor-section-height-default\" data-particle_enable=\"false\" data-particle-mobile-disabled=\"false\" data-id=\"54bd9d0a\" data-element_type=\"section\">\n<div class=\"elementor-container elementor-column-gap-default\">\n<div class=\"elementor-column elementor-col-100 elementor-top-column elementor-element elementor-element-140d87df\" data-id=\"140d87df\" data-element_type=\"column\">\n<div class=\"elementor-widget-wrap elementor-element-populated\">\n<div class=\"elementor-element elementor-element-7e70a82b elementor-widget elementor-widget-text-editor\" data-id=\"7e70a82b\" data-element_type=\"widget\" data-widget_type=\"text-editor.default\">\n<div class=\"elementor-widget-container\">\n<p class=\"entry-title\"><strong>Declaraci\u00f3n de accesibilidade<\/strong><\/p>\n<p>Comprom\u00e9monos a facer accesible a nosa p\u00e1xina web de acordo co Real decreto 1112\/2018, do 7 de setembro, de accesibilidade de sitios web e aplicaci\u00f3ns para dispositivos m\u00f3biles do sector p\u00fablico (en diante, Real decreto 1112\/2018, do 7 de setembro). Setembro) .<\/p>\n<p>Estado de conformidade<\/p>\n<p>Este sitio web cumpre parcialmente o Real decreto 1112\/2018, do 7 de setembro, debido \u00e1 falta de conformidade dos aspectos que se indican a continuaci\u00f3n.<\/p>\n<p>Contido non accesible<\/p>\n<p>Non se pode acceder ao contido recollido a continuaci\u00f3n debido ao seguinte:<\/p>\n<ol>\n<li>Incumprimento do Real decreto 1112\/2018, do 7 de setembro: poder\u00eda haber erros puntuais de edici\u00f3n nalgunha p\u00e1xina web, tanto no contido HTML como nos documentos finais, publicados despois do 20 de setembro de 2018 (data de entrada en vigor do Real decreto 1112). \/2018, do 7 de setembro). En concreto, pode haber erros en documentos que conte\u00f1an gr\u00e1ficos, t\u00e1boas complexas ou nos asinados electronicamente antes da s\u00faa revisi\u00f3n de accesibilidade.<\/li>\n<li>Carga desproporcionada: non procede.<\/li>\n<li>O contido non entra no \u00e1mbito da lexislaci\u00f3n aplicable: Existen arquivos ofim\u00e1ticos en PDF ou outros formatos publicados antes do 20 de setembro de 2018 que non cumpren totalmente todos os requisitos de accesibilidade; Tam\u00e9n se poden atopar nesta situaci\u00f3n contidos de terceiros non financiados, desenvolvidos ou baixo o control desta Conseller\u00eda.<\/li>\n<\/ol>\n<p>Elaboraci\u00f3n desta declaraci\u00f3n de accesibilidade Esta declaraci\u00f3n elaborouse o 18-07-2023 O m\u00e9todo empregado para elaborar a declaraci\u00f3n foi unha autoliquidaci\u00f3n realizada pola propia empresa.<\/p>\n<p>Observaci\u00f3ns e informaci\u00f3n de contacto<\/p>\n<p>Poder\u00e1n realizar comunicaci\u00f3ns sobre requisitos de accesibilidade (artigo 10.2.a) do Real decreto 1112\/2018, do 7 de setembro) como, por exemplo:<\/p>\n<ul>\n<li>Informar de calquera posible incumprimento deste sitio web.<\/li>\n<li>Transmitir outras dificultades de acceso ao contido.<\/li>\n<li>Facer calquera outra pregunta ou suxesti\u00f3n de mellora en relaci\u00f3n \u00e1 accesibilidade do sitio web.<\/li>\n<\/ul>\n<p>A trav\u00e9s dos seguintes medios:<\/p>\n<ul>\n<li>Correo electr\u00f3nico: <a role=\"link\" href=\"mailto:info@agasalle.es\">info@agasalle.es<\/a><\/li>\n<li>Tel\u00e9fono: +34 981 071 023<\/li>\n<\/ul>\n<p>As comunicaci\u00f3ns ser\u00e1n recibidas e tratadas pola direcci\u00f3n da empresa, como responsable dos contidos deste sitio web.<\/p>\n<p>Contido opcional<\/p>\n<p>A versi\u00f3n visible deste sitio web actualmente \u00e9 do 18-07-2023 e nesa data realizouse a revisi\u00f3n do nivel de accesibilidade vixente naquel momento.<\/p>\n<p>A partir desa data real\u00edzanse revisi\u00f3ns diarias parciais dos contidos web novos ou modificados, tanto dos modelos como das p\u00e1xinas e documentos finais publicados, co fin de garantir o cumprimento dos requisitos de accesibilidade da Norma UNE-EN 301549. :2019, considerando as excepci\u00f3ns do Real decreto 1112\/2018, do 7 de setembro.<\/p>\n<p>Entre outras, ad\u00f3ptanse as seguintes medidas para facilitar a accesibilidade:<\/p>\n<ul>\n<li>Utilizaci\u00f3n de texto alternativo nas imaxes<\/li>\n<li>As ligaz\u00f3ns proporcionan detalles sobre a funci\u00f3n ou o destino da hiperligaz\u00f3n<\/li>\n<li>Uso dos est\u00e1ndares W3C: XHTML 1.0, CSS 3.0, WAI AA.<\/li>\n<\/ul>\n<\/div>\n<\/div>\n<\/div>\n<\/div>\n<\/div>\n<\/section>\n<\/div>\n\n\t\t<\/div>\n\t<\/div>\n<div class=\"vc_empty_space\"   style=\"height: 56px\"><span class=\"vc_empty_space_inner\"><\/span><\/div><\/div><\/div><\/div><\/div><\/div><\/div>","protected":false},"excerpt":{"rendered":"Accesibilidad Declaraci\u00f3n de accesibilidad Estamos comprometidos a hacer accesible nuestro sitio web de conformidad con el Real Decreto 1112\/2018, de 7 de septiembre , sobre accesibilidad de los sitios web y aplicaciones para dispositivos m\u00f3viles del sector p\u00fablico (en adelante, [...]","protected":false},"author":1,"featured_media":0,"parent":0,"menu_order":0,"comment_status":"closed","ping_status":"closed","template":"full-width.php","meta":{"footnotes":""},"class_list":["post-2029","page","type-page","status-publish","hentry"],"yoast_head":"<!-- This site is optimized with the Yoast SEO plugin v27.4 - https:\/\/yoast.com\/product\/yoast-seo-wordpress\/ -->\n<title>Accesibilidad - Agasalle<\/title>\n<meta name=\"robots\" content=\"index, follow, max-snippet:-1, max-image-preview:large, max-video-preview:-1\" \/>\n<link rel=\"canonical\" href=\"https:\/\/www.agasalle.es\/gl\/accesibilidad\/\" \/>\n<meta property=\"og:locale\" content=\"gl_ES\" \/>\n<meta property=\"og:type\" content=\"article\" \/>\n<meta property=\"og:title\" content=\"Accesibilidad - Agasalle\" \/>\n<meta property=\"og:url\" content=\"https:\/\/www.agasalle.es\/gl\/accesibilidad\/\" \/>\n<meta property=\"og:site_name\" content=\"Agasalle\" \/>\n<meta property=\"article:modified_time\" content=\"2023-08-18T09:37:30+00:00\" \/>\n<meta name=\"twitter:card\" content=\"summary_large_image\" \/>\n<meta name=\"twitter:label1\" content=\"Tempo de lectura\" \/>\n\t<meta name=\"twitter:data1\" content=\"3 minutos\" \/>\n<script type=\"application\/ld+json\" class=\"yoast-schema-graph\">{\"@context\":\"https:\\\/\\\/schema.org\",\"@graph\":[{\"@type\":\"WebPage\",\"@id\":\"https:\\\/\\\/www.agasalle.es\\\/accesibilidad\\\/\",\"url\":\"https:\\\/\\\/www.agasalle.es\\\/accesibilidad\\\/\",\"name\":\"Accesibilidad - Agasalle\",\"isPartOf\":{\"@id\":\"https:\\\/\\\/www.agasalle.es\\\/#website\"},\"datePublished\":\"2023-08-18T09:35:43+00:00\",\"dateModified\":\"2023-08-18T09:37:30+00:00\",\"breadcrumb\":{\"@id\":\"https:\\\/\\\/www.agasalle.es\\\/accesibilidad\\\/#breadcrumb\"},\"inLanguage\":\"gl-ES\",\"potentialAction\":[{\"@type\":\"ReadAction\",\"target\":[\"https:\\\/\\\/www.agasalle.es\\\/accesibilidad\\\/\"]}]},{\"@type\":\"BreadcrumbList\",\"@id\":\"https:\\\/\\\/www.agasalle.es\\\/accesibilidad\\\/#breadcrumb\",\"itemListElement\":[{\"@type\":\"ListItem\",\"position\":1,\"name\":\"Portada\",\"item\":\"https:\\\/\\\/www.agasalle.es\\\/\"},{\"@type\":\"ListItem\",\"position\":2,\"name\":\"Accesibilidad\"}]},{\"@type\":\"WebSite\",\"@id\":\"https:\\\/\\\/www.agasalle.es\\\/#website\",\"url\":\"https:\\\/\\\/www.agasalle.es\\\/\",\"name\":\"Agasalle\",\"description\":\"Escuela infantil pluriling\u00fce\",\"potentialAction\":[{\"@type\":\"SearchAction\",\"target\":{\"@type\":\"EntryPoint\",\"urlTemplate\":\"https:\\\/\\\/www.agasalle.es\\\/?s={search_term_string}\"},\"query-input\":{\"@type\":\"PropertyValueSpecification\",\"valueRequired\":true,\"valueName\":\"search_term_string\"}}],\"inLanguage\":\"gl-ES\"}]}<\/script>\n<!-- \/ Yoast SEO plugin. -->","yoast_head_json":{"title":"Accesibilidad - Agasalle","robots":{"index":"index","follow":"follow","max-snippet":"max-snippet:-1","max-image-preview":"max-image-preview:large","max-video-preview":"max-video-preview:-1"},"canonical":"https:\/\/www.agasalle.es\/gl\/accesibilidad\/","og_locale":"gl_ES","og_type":"article","og_title":"Accesibilidad - Agasalle","og_url":"https:\/\/www.agasalle.es\/gl\/accesibilidad\/","og_site_name":"Agasalle","article_modified_time":"2023-08-18T09:37:30+00:00","twitter_card":"summary_large_image","twitter_misc":{"Tempo de lectura":"3 minutos"},"schema":{"@context":"https:\/\/schema.org","@graph":[{"@type":"WebPage","@id":"https:\/\/www.agasalle.es\/accesibilidad\/","url":"https:\/\/www.agasalle.es\/accesibilidad\/","name":"Accesibilidad - Agasalle","isPartOf":{"@id":"https:\/\/www.agasalle.es\/#website"},"datePublished":"2023-08-18T09:35:43+00:00","dateModified":"2023-08-18T09:37:30+00:00","breadcrumb":{"@id":"https:\/\/www.agasalle.es\/accesibilidad\/#breadcrumb"},"inLanguage":"gl-ES","potentialAction":[{"@type":"ReadAction","target":["https:\/\/www.agasalle.es\/accesibilidad\/"]}]},{"@type":"BreadcrumbList","@id":"https:\/\/www.agasalle.es\/accesibilidad\/#breadcrumb","itemListElement":[{"@type":"ListItem","position":1,"name":"Portada","item":"https:\/\/www.agasalle.es\/"},{"@type":"ListItem","position":2,"name":"Accesibilidad"}]},{"@type":"WebSite","@id":"https:\/\/www.agasalle.es\/#website","url":"https:\/\/www.agasalle.es\/","name":"Agasalle","description":"Escola infantil pluriling\u00fce","potentialAction":[{"@type":"SearchAction","target":{"@type":"EntryPoint","urlTemplate":"https:\/\/www.agasalle.es\/?s={search_term_string}"},"query-input":{"@type":"PropertyValueSpecification","valueRequired":true,"valueName":"search_term_string"}}],"inLanguage":"gl-ES"}]}},"_links":{"self":[{"href":"https:\/\/www.agasalle.es\/gl\/wp-json\/wp\/v2\/pages\/2029","targetHints":{"allow":["GET"]}}],"collection":[{"href":"https:\/\/www.agasalle.es\/gl\/wp-json\/wp\/v2\/pages"}],"about":[{"href":"https:\/\/www.agasalle.es\/gl\/wp-json\/wp\/v2\/types\/page"}],"author":[{"embeddable":true,"href":"https:\/\/www.agasalle.es\/gl\/wp-json\/wp\/v2\/users\/1"}],"replies":[{"embeddable":true,"href":"https:\/\/www.agasalle.es\/gl\/wp-json\/wp\/v2\/comments?post=2029"}],"version-history":[{"count":4,"href":"https:\/\/www.agasalle.es\/gl\/wp-json\/wp\/v2\/pages\/2029\/revisions"}],"predecessor-version":[{"id":2033,"href":"https:\/\/www.agasalle.es\/gl\/wp-json\/wp\/v2\/pages\/2029\/revisions\/2033"}],"wp:attachment":[{"href":"https:\/\/www.agasalle.es\/gl\/wp-json\/wp\/v2\/media?parent=2029"}],"curies":[{"name":"wp","href":"https:\/\/api.w.org\/{rel}","templated":true}]}}