{"id":96,"date":"2018-05-03T07:20:51","date_gmt":"2018-05-03T07:20:51","guid":{"rendered":"http:\/\/lilo.mikado-themes.com\/?page_id=96"},"modified":"2026-01-15T15:16:05","modified_gmt":"2026-01-15T14:16:05","slug":"quienes-somos","status":"publish","type":"page","link":"https:\/\/www.agasalle.es\/en\/quienes-somos\/","title":{"rendered":"About us"},"content":{"rendered":"<div class=\"mkdf-row-grid-section-wrapper\"  ><div class=\"mkdf-row-grid-section\"><div class=\"vc_row wpb_row vc_row-fluid vc_custom_1690807803308\" ><div class=\"wpb_column vc_column_container vc_col-sm-12 vc_col-lg-6 vc_col-md-6\"><div class=\"vc_column-inner\"><div class=\"wpb_wrapper\"><div class=\"mkdf-single-image-holder\">\n    <div class=\"mkdf-si-inner\" >\n                                    <img loading=\"lazy\" decoding=\"async\" width=\"635\" height=\"400\" src=\"https:\/\/www.agasalle.es\/wp-content\/uploads\/2023\/07\/pedagogia_01-1.png\" class=\"attachment-full size-full\" alt=\"\" srcset=\"https:\/\/www.agasalle.es\/wp-content\/uploads\/2023\/07\/pedagogia_01-1.png 635w, https:\/\/www.agasalle.es\/wp-content\/uploads\/2023\/07\/pedagogia_01-1-300x189.png 300w\" sizes=\"auto, (max-width: 635px) 100vw, 635px\" \/>                        <\/div>\n<\/div><div class=\"vc_empty_space\"   style=\"height: 9px\"><span class=\"vc_empty_space_inner\"><\/span><\/div>\n\t<div class=\"wpb_text_column wpb_content_element\" >\n\t\t<div class=\"wpb_wrapper\">\n\t\t\t<h1 style=\"font-size: 20px;\">Escuela Infantil Agasalle<\/h1>\n\n\t\t<\/div>\n\t<\/div>\n\n\t<div class=\"wpb_text_column wpb_content_element  vc_custom_1695713481130\" >\n\t\t<div class=\"wpb_wrapper\">\n\t\t\t<p style=\"text-align: justify;\">Agasalle is a nursery school for early childhood that offers an educational response to needs and not just essential care. We work with projects based on artistic installations and learning environments, which promote children\u2019s growth and development.<\/p>\n<p style=\"text-align: justify;\">Our commitment began in 2012, to provide a different and innovative alternative for the 0-3 year-old stage in Santiago de Compostela.<\/p>\n\n\t\t<\/div>\n\t<\/div>\n<\/div><\/div><\/div><div class=\"wpb_column vc_column_container vc_col-sm-12 vc_col-lg-6 vc_col-md-6\"><div class=\"vc_column-inner\"><div class=\"wpb_wrapper\"><div class=\"mkdf-single-image-holder\">\n    <div class=\"mkdf-si-inner\" >\n                                    <img loading=\"lazy\" decoding=\"async\" width=\"635\" height=\"400\" src=\"https:\/\/www.agasalle.es\/wp-content\/uploads\/2023\/07\/pedagogia_03-1.png\" class=\"attachment-full size-full\" alt=\"\" srcset=\"https:\/\/www.agasalle.es\/wp-content\/uploads\/2023\/07\/pedagogia_03-1.png 635w, https:\/\/www.agasalle.es\/wp-content\/uploads\/2023\/07\/pedagogia_03-1-300x189.png 300w\" sizes=\"auto, (max-width: 635px) 100vw, 635px\" \/>                        <\/div>\n<\/div><div class=\"vc_empty_space\"   style=\"height: 9px\"><span class=\"vc_empty_space_inner\"><\/span><\/div>\n\t<div class=\"wpb_text_column wpb_content_element  vc_custom_1690807861401\" >\n\t\t<div class=\"wpb_wrapper\">\n\t\t\t<p style=\"text-align: justify;\">We have an educational vision that is based on active pedagogy, focused on fundamental pillars such as <strong>play<\/strong>, <strong>investigation<\/strong>, <strong>experimentation<\/strong> and <strong>learning<\/strong>. We consider that, by combining these 4 concepts, boys and girls become more active participants in their learning process. Taking this into account, we give importance to certain values that for us are fundamental when it comes to educating in the classrooms.<\/p>\n\n\t\t<\/div>\n\t<\/div>\n<\/div><\/div><\/div><\/div><\/div><\/div><div class=\"mkdf-row-grid-section-wrapper\"  ><div class=\"mkdf-row-grid-section\"><div class=\"vc_row wpb_row vc_row-fluid vc_custom_1690807797403\" ><div class=\"wpb_column vc_column_container vc_col-sm-12 vc_col-lg-6 vc_col-md-6\"><div class=\"vc_column-inner\"><div class=\"wpb_wrapper\"><div class=\"mkdf-single-image-holder\">\n    <div class=\"mkdf-si-inner\" >\n                                    <img loading=\"lazy\" decoding=\"async\" width=\"635\" height=\"400\" src=\"https:\/\/www.agasalle.es\/wp-content\/uploads\/2023\/07\/naturaleza_02-1.png\" class=\"attachment-full size-full\" alt=\"\" srcset=\"https:\/\/www.agasalle.es\/wp-content\/uploads\/2023\/07\/naturaleza_02-1.png 635w, https:\/\/www.agasalle.es\/wp-content\/uploads\/2023\/07\/naturaleza_02-1-300x189.png 300w\" sizes=\"auto, (max-width: 635px) 100vw, 635px\" \/>                        <\/div>\n<\/div><div class=\"vc_empty_space\"   style=\"height: 9px\"><span class=\"vc_empty_space_inner\"><\/span><\/div>\n\t<div class=\"wpb_text_column wpb_content_element  vc_custom_1690807870517\" >\n\t\t<div class=\"wpb_wrapper\">\n\t\t\t<p style=\"text-align: justify;\">We pursue <strong>flexibility and transparency<\/strong>, love for <strong>nature and recycling.<\/strong> We encourage <strong>music appreciation, developing fine motor skills, safely and gently for the little ones<\/strong> development as a whole. We consider a <strong>healthy and balanced diet<\/strong> as important on a day-to-day basis and part of their education.<\/p>\n\n\t\t<\/div>\n\t<\/div>\n<div class=\"vc_empty_space\"   style=\"height: 35px\"><span class=\"vc_empty_space_inner\"><\/span><\/div><\/div><\/div><\/div><div class=\"wpb_column vc_column_container vc_col-sm-12 vc_col-lg-6 vc_col-md-6\"><div class=\"vc_column-inner\"><div class=\"wpb_wrapper\"><div class=\"mkdf-single-image-holder\">\n    <div class=\"mkdf-si-inner\" >\n                                    <img loading=\"lazy\" decoding=\"async\" width=\"635\" height=\"400\" src=\"https:\/\/www.agasalle.es\/wp-content\/uploads\/2023\/07\/pedagogia_02-1.png\" class=\"attachment-full size-full\" alt=\"\" srcset=\"https:\/\/www.agasalle.es\/wp-content\/uploads\/2023\/07\/pedagogia_02-1.png 635w, https:\/\/www.agasalle.es\/wp-content\/uploads\/2023\/07\/pedagogia_02-1-300x189.png 300w\" sizes=\"auto, (max-width: 635px) 100vw, 635px\" \/>                        <\/div>\n<\/div><div class=\"vc_empty_space\"   style=\"height: 9px\"><span class=\"vc_empty_space_inner\"><\/span><\/div>\n\t<div class=\"wpb_text_column wpb_content_element  vc_custom_1690807883571\" >\n\t\t<div class=\"wpb_wrapper\">\n\t\t\t<p style=\"text-align: justify;\">We have a professional career that has been adapted to social and educational changes throughout these years, achieving recognition for the work and effort of our team.<\/p>\n<p style=\"text-align: justify;\">To all this, we must add our commitment to maintaining our own identity, showing the \u201cAgasalle project\u201d through books and presentations given all over Galicia.\u201d<\/p>\n\n\t\t<\/div>\n\t<\/div>\n<div class=\"vc_empty_space\"   style=\"height: 35px\"><span class=\"vc_empty_space_inner\"><\/span><\/div><\/div><\/div><\/div><\/div><\/div><\/div>","protected":false},"excerpt":{"rendered":"Escuela Infantil Agasalle Agasalle es una escuela infantil destinada a la primera infancia que ofrece una respuesta educativa a las necesidades, no solo de los cuidados esenciales. Trabajamos con un proyecto a base de instalaciones art\u00edsticas y ambientes de aprendizaje, [...]","protected":false},"author":1,"featured_media":0,"parent":0,"menu_order":0,"comment_status":"closed","ping_status":"closed","template":"full-width.php","meta":{"footnotes":""},"class_list":["post-96","page","type-page","status-publish","hentry"],"yoast_head":"<!-- This site is optimized with the Yoast SEO plugin v27.4 - https:\/\/yoast.com\/product\/yoast-seo-wordpress\/ -->\n<title>Guarder\u00edas Infantiles en Santiago de Compostela | Agasalle<\/title>\n<meta name=\"description\" content=\"Conoce Agasalle, una de las guarder\u00edas infantiles m\u00e1s destacadas en Santiago. Descubre nuestro compromiso con la educaci\u00f3n y el bienestar de los ni\u00f1os.\" \/>\n<meta name=\"robots\" content=\"index, follow, max-snippet:-1, max-image-preview:large, max-video-preview:-1\" \/>\n<link rel=\"canonical\" href=\"https:\/\/www.agasalle.es\/en\/quienes-somos\/\" \/>\n<meta property=\"og:locale\" content=\"en_GB\" \/>\n<meta property=\"og:type\" content=\"article\" \/>\n<meta property=\"og:title\" content=\"Guarder\u00edas Infantiles en Santiago de Compostela | Agasalle\" \/>\n<meta property=\"og:description\" content=\"Conoce Agasalle, una de las guarder\u00edas infantiles m\u00e1s destacadas en Santiago. Descubre nuestro compromiso con la educaci\u00f3n y el bienestar de los ni\u00f1os.\" \/>\n<meta property=\"og:url\" content=\"https:\/\/www.agasalle.es\/en\/quienes-somos\/\" \/>\n<meta property=\"og:site_name\" content=\"Agasalle\" \/>\n<meta property=\"article:modified_time\" content=\"2026-01-15T14:16:05+00:00\" \/>\n<meta name=\"twitter:card\" content=\"summary_large_image\" \/>\n<meta name=\"twitter:label1\" content=\"Estimated reading time\" \/>\n\t<meta name=\"twitter:data1\" content=\"3 minutes\" \/>\n<script type=\"application\/ld+json\" class=\"yoast-schema-graph\">{\"@context\":\"https:\\\/\\\/schema.org\",\"@graph\":[{\"@type\":\"WebPage\",\"@id\":\"https:\\\/\\\/www.agasalle.es\\\/quienes-somos\\\/\",\"url\":\"https:\\\/\\\/www.agasalle.es\\\/quienes-somos\\\/\",\"name\":\"Guarder\u00edas Infantiles en Santiago de Compostela | Agasalle\",\"isPartOf\":{\"@id\":\"https:\\\/\\\/www.agasalle.es\\\/#website\"},\"datePublished\":\"2018-05-03T07:20:51+00:00\",\"dateModified\":\"2026-01-15T14:16:05+00:00\",\"description\":\"Conoce Agasalle, una de las guarder\u00edas infantiles m\u00e1s destacadas en Santiago. Descubre nuestro compromiso con la educaci\u00f3n y el bienestar de los ni\u00f1os.\",\"breadcrumb\":{\"@id\":\"https:\\\/\\\/www.agasalle.es\\\/quienes-somos\\\/#breadcrumb\"},\"inLanguage\":\"en-GB\",\"potentialAction\":[{\"@type\":\"ReadAction\",\"target\":[\"https:\\\/\\\/www.agasalle.es\\\/quienes-somos\\\/\"]}]},{\"@type\":\"BreadcrumbList\",\"@id\":\"https:\\\/\\\/www.agasalle.es\\\/quienes-somos\\\/#breadcrumb\",\"itemListElement\":[{\"@type\":\"ListItem\",\"position\":1,\"name\":\"Portada\",\"item\":\"https:\\\/\\\/www.agasalle.es\\\/\"},{\"@type\":\"ListItem\",\"position\":2,\"name\":\"Qui\u00e9nes Somos\"}]},{\"@type\":\"WebSite\",\"@id\":\"https:\\\/\\\/www.agasalle.es\\\/#website\",\"url\":\"https:\\\/\\\/www.agasalle.es\\\/\",\"name\":\"Agasalle\",\"description\":\"Escuela infantil pluriling\u00fce\",\"potentialAction\":[{\"@type\":\"SearchAction\",\"target\":{\"@type\":\"EntryPoint\",\"urlTemplate\":\"https:\\\/\\\/www.agasalle.es\\\/?s={search_term_string}\"},\"query-input\":{\"@type\":\"PropertyValueSpecification\",\"valueRequired\":true,\"valueName\":\"search_term_string\"}}],\"inLanguage\":\"en-GB\"}]}<\/script>\n<!-- \/ Yoast SEO plugin. -->","yoast_head_json":{"title":"Daycare Centers in Santiago de Compostela | Agasalle","description":"Discover Agasalle, one of the most prominent daycare centers in Santiago. Discover our commitment to children&#039;s education and well-being.","robots":{"index":"index","follow":"follow","max-snippet":"max-snippet:-1","max-image-preview":"max-image-preview:large","max-video-preview":"max-video-preview:-1"},"canonical":"https:\/\/www.agasalle.es\/en\/quienes-somos\/","og_locale":"en_GB","og_type":"article","og_title":"Guarder\u00edas Infantiles en Santiago de Compostela | Agasalle","og_description":"Conoce Agasalle, una de las guarder\u00edas infantiles m\u00e1s destacadas en Santiago. Descubre nuestro compromiso con la educaci\u00f3n y el bienestar de los ni\u00f1os.","og_url":"https:\/\/www.agasalle.es\/en\/quienes-somos\/","og_site_name":"Agasalle","article_modified_time":"2026-01-15T14:16:05+00:00","twitter_card":"summary_large_image","twitter_misc":{"Estimated reading time":"3 minutes"},"schema":{"@context":"https:\/\/schema.org","@graph":[{"@type":"WebPage","@id":"https:\/\/www.agasalle.es\/quienes-somos\/","url":"https:\/\/www.agasalle.es\/quienes-somos\/","name":"Daycare Centers in Santiago de Compostela | Agasalle","isPartOf":{"@id":"https:\/\/www.agasalle.es\/#website"},"datePublished":"2018-05-03T07:20:51+00:00","dateModified":"2026-01-15T14:16:05+00:00","description":"Discover Agasalle, one of the most prominent daycare centers in Santiago. Discover our commitment to children&#039;s education and well-being.","breadcrumb":{"@id":"https:\/\/www.agasalle.es\/quienes-somos\/#breadcrumb"},"inLanguage":"en-GB","potentialAction":[{"@type":"ReadAction","target":["https:\/\/www.agasalle.es\/quienes-somos\/"]}]},{"@type":"BreadcrumbList","@id":"https:\/\/www.agasalle.es\/quienes-somos\/#breadcrumb","itemListElement":[{"@type":"ListItem","position":1,"name":"Portada","item":"https:\/\/www.agasalle.es\/"},{"@type":"ListItem","position":2,"name":"Qui\u00e9nes Somos"}]},{"@type":"WebSite","@id":"https:\/\/www.agasalle.es\/#website","url":"https:\/\/www.agasalle.es\/","name":"agasalle","description":"Multilingual nursery school","potentialAction":[{"@type":"SearchAction","target":{"@type":"EntryPoint","urlTemplate":"https:\/\/www.agasalle.es\/?s={search_term_string}"},"query-input":{"@type":"PropertyValueSpecification","valueRequired":true,"valueName":"search_term_string"}}],"inLanguage":"en-GB"}]}},"_links":{"self":[{"href":"https:\/\/www.agasalle.es\/en\/wp-json\/wp\/v2\/pages\/96","targetHints":{"allow":["GET"]}}],"collection":[{"href":"https:\/\/www.agasalle.es\/en\/wp-json\/wp\/v2\/pages"}],"about":[{"href":"https:\/\/www.agasalle.es\/en\/wp-json\/wp\/v2\/types\/page"}],"author":[{"embeddable":true,"href":"https:\/\/www.agasalle.es\/en\/wp-json\/wp\/v2\/users\/1"}],"replies":[{"embeddable":true,"href":"https:\/\/www.agasalle.es\/en\/wp-json\/wp\/v2\/comments?post=96"}],"version-history":[{"count":15,"href":"https:\/\/www.agasalle.es\/en\/wp-json\/wp\/v2\/pages\/96\/revisions"}],"predecessor-version":[{"id":2168,"href":"https:\/\/www.agasalle.es\/en\/wp-json\/wp\/v2\/pages\/96\/revisions\/2168"}],"wp:attachment":[{"href":"https:\/\/www.agasalle.es\/en\/wp-json\/wp\/v2\/media?parent=96"}],"curies":[{"name":"wp","href":"https:\/\/api.w.org\/{rel}","templated":true}]}}