{"id":6,"date":"2018-04-27T13:10:42","date_gmt":"2018-04-27T13:10:42","guid":{"rendered":"http:\/\/lilo.mikado-themes.com\/?page_id=6"},"modified":"2023-11-17T11:50:28","modified_gmt":"2023-11-17T10:50:28","slug":"home-01","status":"publish","type":"page","link":"https:\/\/www.agasalle.es\/en\/","title":{"rendered":"Start"},"content":{"rendered":"<div class=\"mkdf-row-grid-section-wrapper mkdf-content-aligment-center\"  ><div class=\"mkdf-row-grid-section\"><div class=\"vc_row wpb_row vc_row-fluid vc_custom_1695720380592\" ><div class=\"wpb_column vc_column_container vc_col-sm-12\"><div class=\"vc_column-inner\"><div class=\"wpb_wrapper\">\n\t<div class=\"wpb_text_column wpb_content_element \" >\n\t\t<div class=\"wpb_wrapper\">\n\t\t\t<h6 style=\"text-align: center;\"><em>\u201cCuando a un ni\u00f1o le plantas la semilla del amor, la confianza y la creatividad, se est\u00e1 favoreciendo para que crezca y se desarrolle en un \u00e1mbito libre, seguro y feliz. La combinaci\u00f3n de estos pilares con el juego hace que le podamos ofrecer un aprendizaje significativo y real en esta primera infancia\u201d<\/em><\/h6>\n<h6 style=\"text-align: center;\"><em>Agasalle Escuela Infantil<\/em><\/h6>\n\n\t\t<\/div>\n\t<\/div>\n<div class=\"vc_empty_space\"   style=\"height: 32px\"><span class=\"vc_empty_space_inner\"><\/span><\/div><\/div><\/div><\/div><\/div><\/div><\/div><div class=\"vc_row wpb_row vc_row-fluid vc_row-o-content-middle vc_row-flex\" ><div class=\"wpb_column vc_column_container vc_col-sm-12 vc_col-lg-6 vc_col-md-12\"><div class=\"vc_column-inner vc_custom_1525358934270\"><div class=\"wpb_wrapper\">\n\t<div  class=\"wpb_single_image wpb_content_element vc_align_center\">\n\t\t\n\t\t<figure class=\"wpb_wrapper vc_figure\">\n\t\t\t<div class=\"vc_single_image-wrapper   vc_box_border_grey\"><img loading=\"lazy\" decoding=\"async\" width=\"975\" height=\"612\" src=\"https:\/\/www.agasalle.es\/wp-content\/uploads\/2023\/08\/portada_01.jpg\" class=\"vc_single_image-img attachment-full\" alt=\"\" srcset=\"https:\/\/www.agasalle.es\/wp-content\/uploads\/2023\/08\/portada_01.jpg 975w, https:\/\/www.agasalle.es\/wp-content\/uploads\/2023\/08\/portada_01-300x188.jpg 300w, https:\/\/www.agasalle.es\/wp-content\/uploads\/2023\/08\/portada_01-768x482.jpg 768w, https:\/\/www.agasalle.es\/wp-content\/uploads\/2023\/08\/portada_01-18x12.jpg 18w\" sizes=\"auto, (max-width: 975px) 100vw, 975px\" \/><\/div>\n\t\t<\/figure>\n\t<\/div>\n<\/div><\/div><\/div><div class=\"wpb_column vc_column_container vc_col-sm-12 vc_col-lg-6 vc_col-md-12\"><div class=\"vc_column-inner vc_custom_1525358966606\"><div class=\"wpb_wrapper\"><div class=\"mkdf-elements-holder  mkdf-eh-full-height mkdf-one-column  mkdf-responsive-mode-768 \" ><div class=\"mkdf-eh-item     \" style=\"background-color: #32355d\" data-item-class=\"mkdf-eh-custom-5762\" data-1367-1600=\"14.1% 14% 14.1% 11%\" data-1025-1366=\"13.1% 13% 13% 11%\" data-769-1024=\"20.5% 23% 21.5% 12.3%\" data-681-768=\"15.5% 24% 16% 11.5%\" data-680=\"15.5% 13% 16% 10%\">\n\t<div class=\"mkdf-eh-item-inner\">\n\t\t<div class=\"mkdf-eh-item-content mkdf-eh-custom-5762\" style=\"padding: 18.2% 23% 19.3% 18%\">\n\t\t\t<div class=\"mkdf-section-title-holder   mkdf-st-subtitle-pos-under\" >\n\t<div class=\"mkdf-st-inner\">\n\t\t\t\t\t\t\t<h1 class=\"mkdf-st-title\" style=\"color: #ffffff\">\n\t\t\t\t\u00bfAprender jugando?\t\t\t<\/h1>\n\t\t        \t\t\t\t\t<p class=\"mkdf-st-text\" style=\"color: #ffffff;margin-top: 25px\">\n\t\t\t\tAgasalle es un lugar donde descubrir, manipular y poder expresarse libremente, donde los peque\u00f1os y adultos pueden participar y disfrutar de las instalaciones como parte de un proyecto educativo basado en una pedagog\u00eda activa.\t\t\t<\/p>\n\t\t\t<\/div>\n<\/div>\t\t<\/div>\n\t<\/div>\n<\/div><\/div><\/div><\/div><\/div><\/div><div class=\"vc_row wpb_row vc_row-fluid mkdf-content-aligment-center\" ><div class=\"wpb_column vc_column_container vc_col-sm-12\"><div class=\"vc_column-inner\"><div class=\"wpb_wrapper\"><div class=\"wpb_revslider_element wpb_content_element\">\n\t\t\t<!-- START Portada Xunta de Galicia REVOLUTION SLIDER 6.4.6 --><p class=\"rs-p-wp-fix\"><\/p>\n\t\t\t<rs-module-wrap id=\"rev_slider_3_1_wrapper\" data-source=\"gallery\" style=\"background:transparent;padding:0;margin:0px auto;margin-top:0;margin-bottom:0;\">\n\t\t\t\t<rs-module id=\"rev_slider_3_1\" style=\"\" data-version=\"6.4.6\">\n\t\t\t\t\t<rs-slides>\n\t\t\t\t\t\t<rs-slide data-key=\"rs-7\" data-title=\"Slide\" data-in=\"o:0;\" data-out=\"a:false;\">\n\t\t\t\t\t\t\t<img decoding=\"async\" src=\"\/\/www.agasalle.es\/wp-content\/uploads\/2018\/05\/h1-section-backround.png\" title=\"Inicio\" class=\"rev-slidebg tp-rs-img\" data-no-retina>\n<!--\n\t\t\t\t\t\t\t--><rs-layer\n\t\t\t\t\t\t\t\tid=\"slider-3-slide-7-layer-0\" \n\t\t\t\t\t\t\t\tdata-type=\"image\"\n\t\t\t\t\t\t\t\tdata-rsp_ch=\"on\"\n\t\t\t\t\t\t\t\tdata-xy=\"xo:477px,423px,182px,75px;yo:442px,458px,369px,329px;\"\n\t\t\t\t\t\t\t\tdata-text=\"w:normal;s:20,16,8,4;l:0,21,11,6;\"\n\t\t\t\t\t\t\t\tdata-dim=\"w:294px,248px,236px,156px;h:80px,67px,64px,42px;\"\n\t\t\t\t\t\t\t\tdata-frame_999=\"o:0;st:w;sR:2700;\"\n\t\t\t\t\t\t\t\tstyle=\"z-index:10;\"\n\t\t\t\t\t\t\t><img loading=\"lazy\" decoding=\"async\" src=\"\/\/www.agasalle.es\/wp-content\/uploads\/2023\/08\/logo_xunta_galicia.png\" class=\"tp-rs-img\" width=\"368\" height=\"100\" data-no-retina> \n\t\t\t\t\t\t\t<\/rs-layer><!--\n\n\t\t\t\t\t\t\t--><rs-layer\n\t\t\t\t\t\t\t\tid=\"slider-3-slide-7-layer-1\" \n\t\t\t\t\t\t\t\tdata-type=\"image\"\n\t\t\t\t\t\t\t\tdata-rsp_ch=\"on\"\n\t\t\t\t\t\t\t\tdata-xy=\"x:c;xo:-32px,-8px,-11px,-7px;y:m;yo:-103px,3px,-52px,-68px;\"\n\t\t\t\t\t\t\t\tdata-text=\"l:22;a:inherit;\"\n\t\t\t\t\t\t\t\tdata-dim=\"w:223px,180px,170px,140px;h:149px,120,114px,94;\"\n\t\t\t\t\t\t\t\tdata-frame_0=\"z:-50px;sX:0.9;sY:0.9;\"\n\t\t\t\t\t\t\t\tdata-frame_1=\"y:27px;rY:360;e:power1.inOut;st:400;sp:800;sR:400;\"\n\t\t\t\t\t\t\t\tdata-frame_999=\"o:0;st:w;sR:1800;\"\n\t\t\t\t\t\t\t\tstyle=\"z-index:8;\"\n\t\t\t\t\t\t\t><img loading=\"lazy\" decoding=\"async\" src=\"\/\/www.agasalle.es\/wp-content\/uploads\/revslider\/gender-img1.png\" class=\"tp-rs-img\" width=\"223\" height=\"149\" data-no-retina> \n\t\t\t\t\t\t\t<\/rs-layer><!--\n\n\t\t\t\t\t\t\t--><rs-layer\n\t\t\t\t\t\t\t\tid=\"slider-3-slide-7-layer-2\" \n\t\t\t\t\t\t\t\tdata-type=\"text\"\n\t\t\t\t\t\t\t\tdata-color=\"#8f9093\"\n\t\t\t\t\t\t\t\tdata-rsp_ch=\"on\"\n\t\t\t\t\t\t\t\tdata-xy=\"x:c;xo:-29px,-5px,2px,-5px;y:m;yo:165px,255px,179px,149px;\"\n\t\t\t\t\t\t\t\tdata-text=\"w:normal;s:14,15,14,10;l:34,34,26,18;a:center;\"\n\t\t\t\t\t\t\t\tdata-dim=\"w:989px,757px,540px,279px;h:auto,69px,73px,auto;\"\n\t\t\t\t\t\t\t\tdata-frame_0=\"o:1;\"\n\t\t\t\t\t\t\t\tdata-frame_0_lines=\"d:10;y:100px;o:0;\"\n\t\t\t\t\t\t\t\tdata-frame_1=\"e:power1.inOut;st:450;sp:700;sR:450;\"\n\t\t\t\t\t\t\t\tdata-frame_1_lines=\"d:10;\"\n\t\t\t\t\t\t\t\tdata-frame_999=\"o:0;st:w;sR:1250;\"\n\t\t\t\t\t\t\t\tstyle=\"z-index:9;font-family:Open Sans;\"\n\t\t\t\t\t\t\t>\u201cEsta escuela est\u00e1 adherida al programa de gratuidad de la Xunta de Galicia para la etapa 0-3 a\u00f1os\u201d \n\t\t\t\t\t\t\t<\/rs-layer><!--\n\n\t\t\t\t\t\t\t--><rs-layer\n\t\t\t\t\t\t\t\tid=\"slider-3-slide-7-layer-3\" \n\t\t\t\t\t\t\t\tdata-type=\"text\"\n\t\t\t\t\t\t\t\tdata-color=\"#8f9093\"\n\t\t\t\t\t\t\t\tdata-rsp_ch=\"on\"\n\t\t\t\t\t\t\t\tdata-xy=\"x:c;xo:-33px,-15px,-2px,-1px;y:m;yo:-249px,-177px,-196px,-210px;\"\n\t\t\t\t\t\t\t\tdata-text=\"w:normal;s:18,19,18,13;l:34,34,36,26;a:center;\"\n\t\t\t\t\t\t\t\tdata-dim=\"w:989px,757px,615px,317px;h:auto,41px,37px,auto;\"\n\t\t\t\t\t\t\t\tdata-frame_0=\"o:1;\"\n\t\t\t\t\t\t\t\tdata-frame_0_lines=\"d:10;y:100px;o:0;\"\n\t\t\t\t\t\t\t\tdata-frame_1=\"e:power1.inOut;st:450;sp:700;sR:450;\"\n\t\t\t\t\t\t\t\tdata-frame_1_lines=\"d:10;\"\n\t\t\t\t\t\t\t\tdata-frame_999=\"o:0;st:w;sR:1250;\"\n\t\t\t\t\t\t\t\tstyle=\"z-index:9;font-family:Open Sans;\"\n\t\t\t\t\t\t\t>Te lo queremos poner un poco m\u00e1s f\u00e1cil. \n\t\t\t\t\t\t\t<\/rs-layer><!--\n\n\t\t\t\t\t\t\t--><rs-layer\n\t\t\t\t\t\t\t\tid=\"slider-3-slide-7-layer-4\" \n\t\t\t\t\t\t\t\tdata-type=\"text\"\n\t\t\t\t\t\t\t\tdata-color=\"#8f9093\"\n\t\t\t\t\t\t\t\tdata-rsp_ch=\"on\"\n\t\t\t\t\t\t\t\tdata-xy=\"x:c;xo:-23px,-10px,1px,1px;y:m;yo:-204px,-117px,-136px,-167px;\"\n\t\t\t\t\t\t\t\tdata-text=\"w:normal;s:18,19,18,13;l:34,34,24,20;a:center;\"\n\t\t\t\t\t\t\t\tdata-dim=\"w:989px,757px,567px,263px;h:auto,69px,73px,auto;\"\n\t\t\t\t\t\t\t\tdata-frame_0=\"x:0,0,0,0px;y:0,0,0,0px;o:1;\"\n\t\t\t\t\t\t\t\tdata-frame_0_lines=\"d:10;x:0,0,0,0px;y:100px,100px,100px,83px;o:0;\"\n\t\t\t\t\t\t\t\tdata-frame_1=\"x:0,0,0,0px;y:0,0,0,0px;e:power1.inOut;st:450;sp:700;sR:450;\"\n\t\t\t\t\t\t\t\tdata-frame_1_lines=\"d:10;x:0,0,0,0px;y:0,0,0,0px;\"\n\t\t\t\t\t\t\t\tdata-frame_999=\"o:0;st:w;sR:1250;\"\n\t\t\t\t\t\t\t\tstyle=\"z-index:9;font-family:Open Sans;\"\n\t\t\t\t\t\t\t>Nuestros alumnos tienen 1 punto extra en el proceso de admisi\u00f3n del colegio La Salle. \n\t\t\t\t\t\t\t<\/rs-layer><!--\n\n\t\t\t\t\t\t\t--><rs-layer\n\t\t\t\t\t\t\t\tid=\"slider-3-slide-7-layer-6\" \n\t\t\t\t\t\t\t\tdata-type=\"image\"\n\t\t\t\t\t\t\t\tdata-rsp_ch=\"on\"\n\t\t\t\t\t\t\t\tdata-xy=\"x:c;xo:-770px,-600px,-480px,-480px;y:m;yo:150px,130px,175px,175px;\"\n\t\t\t\t\t\t\t\tdata-text=\"l:22;a:inherit;\"\n\t\t\t\t\t\t\t\tdata-dim=\"w:['401px','401px','401px','401px'];h:['226px','226px','226px','226px'];\"\n\t\t\t\t\t\t\t\tdata-vbility=\"t,t,f,f\"\n\t\t\t\t\t\t\t\tdata-frame_0=\"x:-50px;\"\n\t\t\t\t\t\t\t\tdata-frame_1=\"e:power1.inOut;st:750;sp:800;sR:750;\"\n\t\t\t\t\t\t\t\tdata-frame_999=\"o:0;st:w;sR:1450;\"\n\t\t\t\t\t\t\t\tstyle=\"z-index:11;\"\n\t\t\t\t\t\t\t><img loading=\"lazy\" decoding=\"async\" src=\"\/\/www.agasalle.es\/wp-content\/uploads\/revslider\/h1-rocket-vector1.png\" class=\"tp-rs-img\" width=\"401\" height=\"226\" data-no-retina> \n\t\t\t\t\t\t\t<\/rs-layer><!--\n\n\t\t\t\t\t\t\t--><rs-layer\n\t\t\t\t\t\t\t\tid=\"slider-3-slide-7-layer-7\" \n\t\t\t\t\t\t\t\tdata-type=\"image\"\n\t\t\t\t\t\t\t\tdata-rsp_ch=\"on\"\n\t\t\t\t\t\t\t\tdata-xy=\"x:c;xo:640px,463px,260px,260px;y:m;yo:335px,260px,244px,244px;\"\n\t\t\t\t\t\t\t\tdata-text=\"w:normal;l:22;a:inherit;\"\n\t\t\t\t\t\t\t\tdata-dim=\"w:177px,177px,150px,150px;h:133px,133px,113px,113px;\"\n\t\t\t\t\t\t\t\tdata-vbility=\"t,t,t,f\"\n\t\t\t\t\t\t\t\tdata-frame_1=\"e:power1.inOut;st:300;sR:300;\"\n\t\t\t\t\t\t\t\tdata-frame_999=\"o:0;st:w;sR:2400;\"\n\t\t\t\t\t\t\t\tstyle=\"z-index:12;\"\n\t\t\t\t\t\t\t><img loading=\"lazy\" decoding=\"async\" src=\"\/\/www.agasalle.es\/wp-content\/uploads\/revslider\/h2-cat-vector1.png\" class=\"tp-rs-img\" width=\"177\" height=\"133\" data-no-retina> \n\t\t\t\t\t\t\t<\/rs-layer><!--\n\n\t\t\t\t\t\t\t--><rs-layer\n\t\t\t\t\t\t\t\tid=\"slider-3-slide-7-layer-8\" \n\t\t\t\t\t\t\t\tdata-type=\"image\"\n\t\t\t\t\t\t\t\tdata-rsp_ch=\"on\"\n\t\t\t\t\t\t\t\tdata-xy=\"x:c;xo:-750px,-550px,-300px,-300px;y:m;yo:-150px,-120px,-115px,-115px;\"\n\t\t\t\t\t\t\t\tdata-text=\"l:22;a:inherit;\"\n\t\t\t\t\t\t\t\tdata-dim=\"w:123px,123px,100px,100px;h:117px,117px,95px,95px;\"\n\t\t\t\t\t\t\t\tdata-frame_0=\"z:-75px;sX:0.9;sY:0.9;\"\n\t\t\t\t\t\t\t\tdata-frame_1=\"e:power1.inOut;st:1200;sp:500;sR:1200;\"\n\t\t\t\t\t\t\t\tdata-frame_999=\"o:0;st:w;sR:1300;\"\n\t\t\t\t\t\t\t\tdata-loop_999=\"sX:1.1;sY:1.1;sp:2000;yym:t;yys:t;yyf:t;\"\n\t\t\t\t\t\t\t\tstyle=\"z-index:13;\"\n\t\t\t\t\t\t\t><img loading=\"lazy\" decoding=\"async\" src=\"\/\/www.agasalle.es\/wp-content\/uploads\/revslider\/h1-yellow-sun-vector1.png\" class=\"tp-rs-img\" width=\"123\" height=\"117\" data-no-retina> \n\t\t\t\t\t\t\t<\/rs-layer><!--\n\n\t\t\t\t\t\t\t--><rs-layer\n\t\t\t\t\t\t\t\tid=\"slider-3-slide-7-layer-9\" \n\t\t\t\t\t\t\t\tdata-type=\"image\"\n\t\t\t\t\t\t\t\tdata-rsp_ch=\"on\"\n\t\t\t\t\t\t\t\tdata-xy=\"x:c;xo:500px,300px,300px,300px;y:m;yo:-100px,-70px,-70px,-70px;\"\n\t\t\t\t\t\t\t\tdata-text=\"l:22;a:inherit;\"\n\t\t\t\t\t\t\t\tdata-dim=\"w:128px,128px,100px,100px;h:90px,90px,70,70;\"\n\t\t\t\t\t\t\t\tdata-frame_0=\"x:right;y:500px;o:1;\"\n\t\t\t\t\t\t\t\tdata-frame_1=\"e:power1.inOut;st:750;sp:800;sR:750;\"\n\t\t\t\t\t\t\t\tdata-frame_999=\"o:0;st:w;sR:1450;\"\n\t\t\t\t\t\t\t\tstyle=\"z-index:14;\"\n\t\t\t\t\t\t\t><img loading=\"lazy\" decoding=\"async\" src=\"\/\/www.agasalle.es\/wp-content\/uploads\/revslider\/h1-comet-vector1.png\" class=\"tp-rs-img\" width=\"128\" height=\"90\" data-no-retina> \n\t\t\t\t\t\t\t<\/rs-layer><!--\n\n\t\t\t\t\t\t\t--><rs-layer\n\t\t\t\t\t\t\t\tid=\"slider-3-slide-7-layer-10\" \n\t\t\t\t\t\t\t\tdata-type=\"image\"\n\t\t\t\t\t\t\t\tdata-rsp_ch=\"on\"\n\t\t\t\t\t\t\t\tdata-xy=\"x:c;xo:850px,650px,650px,650px;y:m;yo:-177px,-120px,-120px,-120px;\"\n\t\t\t\t\t\t\t\tdata-text=\"w:normal;l:22;a:inherit;\"\n\t\t\t\t\t\t\t\tdata-dim=\"w:['123px','123px','123px','123px'];h:['180px','180px','180px','180px'];\"\n\t\t\t\t\t\t\t\tdata-frame_0=\"y:-50px;\"\n\t\t\t\t\t\t\t\tdata-frame_1=\"e:power1.inOut;st:750;sp:500;sR:750;\"\n\t\t\t\t\t\t\t\tdata-frame_999=\"o:0;st:w;sR:1750;\"\n\t\t\t\t\t\t\t\tstyle=\"z-index:15;\"\n\t\t\t\t\t\t\t><img loading=\"lazy\" decoding=\"async\" src=\"\/\/www.agasalle.es\/wp-content\/uploads\/revslider\/h1-cloud-vector1.png\" class=\"tp-rs-img\" width=\"123\" height=\"180\" data-no-retina> \n\t\t\t\t\t\t\t<\/rs-layer><!--\n-->\t\t\t\t\t\t<\/rs-slide>\n\t\t\t\t\t<\/rs-slides>\n\t\t\t\t<\/rs-module>\n\t\t\t\t<script type=\"text\/javascript\">\n\t\t\t\t\tsetREVStartSize({c: 'rev_slider_3_1',rl:[1240,1024,778,480],el:[800,650,600,550],gw:[1300,1100,600,300],gh:[800,650,600,550],type:'standard',justify:'',layout:'fullwidth',mh:\"0\"});\n\t\t\t\t\tvar\trevapi3,\n\t\t\t\t\t\ttpj;\n\t\t\t\t\tfunction revinit_revslider31() {\n\t\t\t\t\tjQuery(function() {\n\t\t\t\t\t\ttpj = jQuery;\n\t\t\t\t\t\trevapi3 = tpj(\"#rev_slider_3_1\");\n\t\t\t\t\t\tif(revapi3==undefined || revapi3.revolution == undefined){\n\t\t\t\t\t\t\trevslider_showDoubleJqueryError(\"rev_slider_3_1\");\n\t\t\t\t\t\t}else{\n\t\t\t\t\t\t\trevapi3.revolution({\n\t\t\t\t\t\t\t\tDPR:\"dpr\",\n\t\t\t\t\t\t\t\tsliderLayout:\"fullwidth\",\n\t\t\t\t\t\t\t\tduration:3000,\n\t\t\t\t\t\t\t\tvisibilityLevels:\"1240,1024,778,480\",\n\t\t\t\t\t\t\t\tgridwidth:\"1300,1100,600,300\",\n\t\t\t\t\t\t\t\tgridheight:\"800,650,600,550\",\n\t\t\t\t\t\t\t\tspinner:\"spinner2\",\n\t\t\t\t\t\t\t\tperspective:600,\n\t\t\t\t\t\t\t\tperspectiveType:\"local\",\n\t\t\t\t\t\t\t\teditorheight:\"800,650,600,550\",\n\t\t\t\t\t\t\t\tresponsiveLevels:\"1240,1024,778,480\",\n\t\t\t\t\t\t\t\tprogressBar:{disableProgressBar:true},\n\t\t\t\t\t\t\t\tnavigation: {\n\t\t\t\t\t\t\t\t\tonHoverStop:false\n\t\t\t\t\t\t\t\t},\n\t\t\t\t\t\t\t\tviewPort: {\n\t\t\t\t\t\t\t\t\tenable:true,\n\t\t\t\t\t\t\t\t\tvisible_area:\"1%\"\n\t\t\t\t\t\t\t\t},\n\t\t\t\t\t\t\t\tfallbacks: {\n\t\t\t\t\t\t\t\t\tallowHTML5AutoPlayOnAndroid:true\n\t\t\t\t\t\t\t\t},\n\t\t\t\t\t\t\t});\n\t\t\t\t\t\t}\n\t\t\t\t\t\t\n\t\t\t\t\t});\n\t\t\t\t\t} \/\/ End of RevInitScript\n\t\t\t\tvar once_revslider31 = false;\n\t\t\t\tif (document.readyState === \"loading\") {document.addEventListener('readystatechange',function() { if((document.readyState === \"interactive\" || document.readyState === \"complete\") && !once_revslider31 ) { once_revslider31 = true; revinit_revslider31();}});} else {once_revslider31 = true; revinit_revslider31();}\n\t\t\t\t<\/script>\n\t\t\t\t<script>\n\t\t\t\t\tvar htmlDivCss = unescape(\"%23rev_slider_3_1_wrapper%20rs-loader.spinner2%7B%20background-color%3A%20%23ff6f96%20%21important%3B%20%7D\");\n\t\t\t\t\tvar htmlDiv = document.getElementById('rs-plugin-settings-inline-css');\n\t\t\t\t\tif(htmlDiv) {\n\t\t\t\t\t\thtmlDiv.innerHTML = htmlDiv.innerHTML + htmlDivCss;\n\t\t\t\t\t}else{\n\t\t\t\t\t\tvar htmlDiv = document.createElement('div');\n\t\t\t\t\t\thtmlDiv.innerHTML = '<style>' + htmlDivCss + '<\/style>';\n\t\t\t\t\t\tdocument.getElementsByTagName('head')[0].appendChild(htmlDiv.childNodes[0]);\n\t\t\t\t\t}\n\t\t\t\t<\/script>\n\t\t\t<\/rs-module-wrap>\n\t\t\t<!-- END REVOLUTION SLIDER -->\n<\/div><\/div><\/div><\/div><\/div>\n","protected":false},"excerpt":{"rendered":"\u201cCuando a un ni\u00f1o le plantas la semilla del amor, la confianza y la creatividad, se est\u00e1 favoreciendo para que crezca y se desarrolle en un \u00e1mbito libre, seguro y feliz. La combinaci\u00f3n de estos pilares con el juego hace [...]","protected":false},"author":1,"featured_media":0,"parent":0,"menu_order":0,"comment_status":"closed","ping_status":"closed","template":"full-width.php","meta":{"footnotes":""},"class_list":["post-6","page","type-page","status-publish","hentry"],"yoast_head":"<!-- This site is optimized with the Yoast SEO plugin v27.4 - https:\/\/yoast.com\/product\/yoast-seo-wordpress\/ -->\n<title>Escuelas Infantiles en Santiago de Compostela | Agasalle<\/title>\n<meta name=\"description\" content=\"Agasalle escuela infantil pluriling\u00fce en Santiago de Compostela. Ofrecemos un ambiente c\u00e1lido y educativo donde los m\u00e1s peque\u00f1os aprenden y crecen.\" \/>\n<meta name=\"robots\" content=\"index, follow, max-snippet:-1, max-image-preview:large, max-video-preview:-1\" \/>\n<link rel=\"canonical\" href=\"https:\/\/www.agasalle.es\/en\/\" \/>\n<meta property=\"og:locale\" content=\"en_GB\" \/>\n<meta property=\"og:type\" content=\"article\" \/>\n<meta property=\"og:title\" content=\"Escuelas Infantiles en Santiago de Compostela | Agasalle\" \/>\n<meta property=\"og:description\" content=\"Agasalle escuela infantil pluriling\u00fce en Santiago de Compostela. Ofrecemos un ambiente c\u00e1lido y educativo donde los m\u00e1s peque\u00f1os aprenden y crecen.\" \/>\n<meta property=\"og:url\" content=\"https:\/\/www.agasalle.es\/en\/\" \/>\n<meta property=\"og:site_name\" content=\"Agasalle\" \/>\n<meta property=\"article:modified_time\" content=\"2023-11-17T10:50:28+00:00\" \/>\n<meta name=\"twitter:card\" content=\"summary_large_image\" \/>\n<meta name=\"twitter:label1\" content=\"Estimated reading time\" \/>\n\t<meta name=\"twitter:data1\" content=\"1 minute\" \/>\n<script type=\"application\/ld+json\" class=\"yoast-schema-graph\">{\"@context\":\"https:\\\/\\\/schema.org\",\"@graph\":[{\"@type\":\"WebPage\",\"@id\":\"https:\\\/\\\/www.agasalle.es\\\/\",\"url\":\"https:\\\/\\\/www.agasalle.es\\\/\",\"name\":\"Escuelas Infantiles en Santiago de Compostela | Agasalle\",\"isPartOf\":{\"@id\":\"https:\\\/\\\/www.agasalle.es\\\/#website\"},\"datePublished\":\"2018-04-27T13:10:42+00:00\",\"dateModified\":\"2023-11-17T10:50:28+00:00\",\"description\":\"Agasalle escuela infantil pluriling\u00fce en Santiago de Compostela. Ofrecemos un ambiente c\u00e1lido y educativo donde los m\u00e1s peque\u00f1os aprenden y crecen.\",\"breadcrumb\":{\"@id\":\"https:\\\/\\\/www.agasalle.es\\\/#breadcrumb\"},\"inLanguage\":\"en-GB\",\"potentialAction\":[{\"@type\":\"ReadAction\",\"target\":[\"https:\\\/\\\/www.agasalle.es\\\/\"]}]},{\"@type\":\"BreadcrumbList\",\"@id\":\"https:\\\/\\\/www.agasalle.es\\\/#breadcrumb\",\"itemListElement\":[{\"@type\":\"ListItem\",\"position\":1,\"name\":\"Portada\",\"item\":\"https:\\\/\\\/www.agasalle.es\\\/\"},{\"@type\":\"ListItem\",\"position\":2,\"name\":\"Inicio\"}]},{\"@type\":\"WebSite\",\"@id\":\"https:\\\/\\\/www.agasalle.es\\\/#website\",\"url\":\"https:\\\/\\\/www.agasalle.es\\\/\",\"name\":\"Agasalle\",\"description\":\"Escuela infantil pluriling\u00fce\",\"potentialAction\":[{\"@type\":\"SearchAction\",\"target\":{\"@type\":\"EntryPoint\",\"urlTemplate\":\"https:\\\/\\\/www.agasalle.es\\\/?s={search_term_string}\"},\"query-input\":{\"@type\":\"PropertyValueSpecification\",\"valueRequired\":true,\"valueName\":\"search_term_string\"}}],\"inLanguage\":\"en-GB\"}]}<\/script>\n<!-- \/ Yoast SEO plugin. -->","yoast_head_json":{"title":"Nursery Schools in Santiago de Compostela | Agasalle","description":"Agasalle is a multilingual preschool in Santiago de Compostela. We offer a warm and nurturing environment where children learn and grow.","robots":{"index":"index","follow":"follow","max-snippet":"max-snippet:-1","max-image-preview":"max-image-preview:large","max-video-preview":"max-video-preview:-1"},"canonical":"https:\/\/www.agasalle.es\/en\/","og_locale":"en_GB","og_type":"article","og_title":"Escuelas Infantiles en Santiago de Compostela | Agasalle","og_description":"Agasalle escuela infantil pluriling\u00fce en Santiago de Compostela. Ofrecemos un ambiente c\u00e1lido y educativo donde los m\u00e1s peque\u00f1os aprenden y crecen.","og_url":"https:\/\/www.agasalle.es\/en\/","og_site_name":"Agasalle","article_modified_time":"2023-11-17T10:50:28+00:00","twitter_card":"summary_large_image","twitter_misc":{"Estimated reading time":"1 minute"},"schema":{"@context":"https:\/\/schema.org","@graph":[{"@type":"WebPage","@id":"https:\/\/www.agasalle.es\/","url":"https:\/\/www.agasalle.es\/","name":"Nursery Schools in Santiago de Compostela | Agasalle","isPartOf":{"@id":"https:\/\/www.agasalle.es\/#website"},"datePublished":"2018-04-27T13:10:42+00:00","dateModified":"2023-11-17T10:50:28+00:00","description":"Agasalle is a multilingual preschool in Santiago de Compostela. We offer a warm and nurturing environment where children learn and grow.","breadcrumb":{"@id":"https:\/\/www.agasalle.es\/#breadcrumb"},"inLanguage":"en-GB","potentialAction":[{"@type":"ReadAction","target":["https:\/\/www.agasalle.es\/"]}]},{"@type":"BreadcrumbList","@id":"https:\/\/www.agasalle.es\/#breadcrumb","itemListElement":[{"@type":"ListItem","position":1,"name":"Portada","item":"https:\/\/www.agasalle.es\/"},{"@type":"ListItem","position":2,"name":"Inicio"}]},{"@type":"WebSite","@id":"https:\/\/www.agasalle.es\/#website","url":"https:\/\/www.agasalle.es\/","name":"agasalle","description":"Multilingual nursery school","potentialAction":[{"@type":"SearchAction","target":{"@type":"EntryPoint","urlTemplate":"https:\/\/www.agasalle.es\/?s={search_term_string}"},"query-input":{"@type":"PropertyValueSpecification","valueRequired":true,"valueName":"search_term_string"}}],"inLanguage":"en-GB"}]}},"_links":{"self":[{"href":"https:\/\/www.agasalle.es\/en\/wp-json\/wp\/v2\/pages\/6","targetHints":{"allow":["GET"]}}],"collection":[{"href":"https:\/\/www.agasalle.es\/en\/wp-json\/wp\/v2\/pages"}],"about":[{"href":"https:\/\/www.agasalle.es\/en\/wp-json\/wp\/v2\/types\/page"}],"author":[{"embeddable":true,"href":"https:\/\/www.agasalle.es\/en\/wp-json\/wp\/v2\/users\/1"}],"replies":[{"embeddable":true,"href":"https:\/\/www.agasalle.es\/en\/wp-json\/wp\/v2\/comments?post=6"}],"version-history":[{"count":20,"href":"https:\/\/www.agasalle.es\/en\/wp-json\/wp\/v2\/pages\/6\/revisions"}],"predecessor-version":[{"id":2122,"href":"https:\/\/www.agasalle.es\/en\/wp-json\/wp\/v2\/pages\/6\/revisions\/2122"}],"wp:attachment":[{"href":"https:\/\/www.agasalle.es\/en\/wp-json\/wp\/v2\/media?parent=6"}],"curies":[{"name":"wp","href":"https:\/\/api.w.org\/{rel}","templated":true}]}}