{"id":1969,"date":"2023-08-14T13:58:42","date_gmt":"2023-08-14T11:58:42","guid":{"rendered":"https:\/\/www.agasalle.es\/?page_id=1969"},"modified":"2023-10-17T09:59:17","modified_gmt":"2023-10-17T07:59:17","slug":"proyecto-educativo","status":"publish","type":"page","link":"https:\/\/www.agasalle.es\/en\/proyecto-educativo\/","title":{"rendered":"Educational project"},"content":{"rendered":"<div class=\"mkdf-row-grid-section-wrapper\"  ><div class=\"mkdf-row-grid-section\"><div class=\"vc_row wpb_row vc_row-fluid vc_custom_1690807803308\" ><div class=\"wpb_column vc_column_container vc_col-sm-12 vc_col-lg-6 vc_col-md-6\"><div class=\"vc_column-inner\"><div class=\"wpb_wrapper\"><div class=\"mkdf-single-image-holder\">\n    <div class=\"mkdf-si-inner\" >\n                                    <img loading=\"lazy\" decoding=\"async\" width=\"635\" height=\"400\" src=\"https:\/\/www.agasalle.es\/wp-content\/uploads\/2023\/09\/proyecto_educativo_01.jpg\" class=\"attachment-full size-full\" alt=\"\" srcset=\"https:\/\/www.agasalle.es\/wp-content\/uploads\/2023\/09\/proyecto_educativo_01.jpg 635w, https:\/\/www.agasalle.es\/wp-content\/uploads\/2023\/09\/proyecto_educativo_01-300x189.jpg 300w, https:\/\/www.agasalle.es\/wp-content\/uploads\/2023\/09\/proyecto_educativo_01-18x12.jpg 18w\" sizes=\"auto, (max-width: 635px) 100vw, 635px\" \/>                        <\/div>\n<\/div><\/div><\/div><\/div><div class=\"wpb_column vc_column_container vc_col-sm-12 vc_col-lg-6 vc_col-md-6\"><div class=\"vc_column-inner\"><div class=\"wpb_wrapper\">\n\t<div class=\"wpb_text_column wpb_content_element  vc_custom_1692014415384\" >\n\t\t<div class=\"wpb_wrapper\">\n\t\t\t<p style=\"text-align: justify;\">The Agasalle nursery school works on an active <strong>methodology<\/strong> based on art installations. Its facilities are full of diverse experiences where the important thing is the child as the protagonist. Our hallmark is the creation of these installations which are built to offer the little ones different sensations, surprises and emotions through a fundamental element which is <strong>play.<\/strong><\/p>\n<p style=\"text-align: justify;\">Agasalle, with its desire for improvement and a new method of educating through nature and spaces combined with artistic installations, aims to accompany each boy and girl with their different growth rates in different classrooms, adapting spaces, toys, and projects, and turning the classrooms themselves into an environment of energy, creativity, and freedom of movement.<\/p>\n<p style=\"text-align: justify;\">Another view where new generations are stimulated with excitement, waiting times, growth rates and creative experiences.<\/p>\n\n\t\t<\/div>\n\t<\/div>\n<\/div><\/div><\/div><\/div><\/div><\/div><div class=\"mkdf-row-grid-section-wrapper\"  ><div class=\"mkdf-row-grid-section\"><div class=\"vc_row wpb_row vc_row-fluid vc_custom_1690807797403\" ><div class=\"wpb_column vc_column_container vc_col-sm-12\"><div class=\"vc_column-inner\"><div class=\"wpb_wrapper\">\n\t<div class=\"wpb_text_column wpb_content_element  vc_custom_1695720056430\" >\n\t\t<div class=\"wpb_wrapper\">\n\t\t\t<h3>Agasalle Values:<\/h3>\n\n\t\t<\/div>\n\t<\/div>\n<\/div><\/div><\/div><\/div><\/div><\/div><div class=\"mkdf-row-grid-section-wrapper\"  ><div class=\"mkdf-row-grid-section\"><div class=\"vc_row wpb_row vc_row-fluid vc_custom_1690807797403\" ><div class=\"wpb_column vc_column_container vc_col-sm-3\"><div class=\"vc_column-inner\"><div class=\"wpb_wrapper\">\n\t<div class=\"wpb_text_column wpb_content_element  vc_custom_1695719883808\" >\n\t\t<div class=\"wpb_wrapper\">\n\t\t\t<h6 style=\"text-align: center;\">Active pedagogy<\/h6>\n\n\t\t<\/div>\n\t<\/div>\n<div class=\"mkdf-single-image-holder\">\n    <div class=\"mkdf-si-inner\" >\n                                    <img loading=\"lazy\" decoding=\"async\" width=\"635\" height=\"400\" src=\"https:\/\/www.agasalle.es\/wp-content\/uploads\/2023\/09\/pedagogia_activa_01.jpg\" class=\"attachment-full size-full\" alt=\"\" srcset=\"https:\/\/www.agasalle.es\/wp-content\/uploads\/2023\/09\/pedagogia_activa_01.jpg 635w, https:\/\/www.agasalle.es\/wp-content\/uploads\/2023\/09\/pedagogia_activa_01-300x189.jpg 300w, https:\/\/www.agasalle.es\/wp-content\/uploads\/2023\/09\/pedagogia_activa_01-18x12.jpg 18w\" sizes=\"auto, (max-width: 635px) 100vw, 635px\" \/>                        <\/div>\n<\/div><\/div><\/div><\/div><div class=\"wpb_column vc_column_container vc_col-sm-3\"><div class=\"vc_column-inner\"><div class=\"wpb_wrapper\">\n\t<div class=\"wpb_text_column wpb_content_element  vc_custom_1695719871485\" >\n\t\t<div class=\"wpb_wrapper\">\n\t\t\t<h6 style=\"text-align: center;\">Flexibility and transparency<\/h6>\n\n\t\t<\/div>\n\t<\/div>\n<div class=\"mkdf-single-image-holder\">\n    <div class=\"mkdf-si-inner\" >\n                                    <img loading=\"lazy\" decoding=\"async\" width=\"635\" height=\"400\" src=\"https:\/\/www.agasalle.es\/wp-content\/uploads\/2023\/09\/transparencia_02.jpg\" class=\"attachment-full size-full\" alt=\"\" srcset=\"https:\/\/www.agasalle.es\/wp-content\/uploads\/2023\/09\/transparencia_02.jpg 635w, https:\/\/www.agasalle.es\/wp-content\/uploads\/2023\/09\/transparencia_02-300x189.jpg 300w, https:\/\/www.agasalle.es\/wp-content\/uploads\/2023\/09\/transparencia_02-18x12.jpg 18w\" sizes=\"auto, (max-width: 635px) 100vw, 635px\" \/>                        <\/div>\n<\/div><\/div><\/div><\/div><div class=\"wpb_column vc_column_container vc_col-sm-3\"><div class=\"vc_column-inner\"><div class=\"wpb_wrapper\">\n\t<div class=\"wpb_text_column wpb_content_element  vc_custom_1695719889765\" >\n\t\t<div class=\"wpb_wrapper\">\n\t\t\t<h6 style=\"text-align: center;\">Languages, first steps<\/h6>\n\n\t\t<\/div>\n\t<\/div>\n<div class=\"mkdf-single-image-holder\">\n    <div class=\"mkdf-si-inner\" >\n                                    <img loading=\"lazy\" decoding=\"async\" width=\"635\" height=\"400\" src=\"https:\/\/www.agasalle.es\/wp-content\/uploads\/2023\/10\/idiomas_01.jpg\" class=\"attachment-full size-full\" alt=\"\" srcset=\"https:\/\/www.agasalle.es\/wp-content\/uploads\/2023\/10\/idiomas_01.jpg 635w, https:\/\/www.agasalle.es\/wp-content\/uploads\/2023\/10\/idiomas_01-300x189.jpg 300w, https:\/\/www.agasalle.es\/wp-content\/uploads\/2023\/10\/idiomas_01-18x12.jpg 18w\" sizes=\"auto, (max-width: 635px) 100vw, 635px\" \/>                        <\/div>\n<\/div><\/div><\/div><\/div><div class=\"wpb_column vc_column_container vc_col-sm-3\"><div class=\"vc_column-inner\"><div class=\"wpb_wrapper\">\n\t<div class=\"wpb_text_column wpb_content_element  vc_custom_1695719895929\" >\n\t\t<div class=\"wpb_wrapper\">\n\t\t\t<h6 style=\"text-align: center;\">Nature and recycling<\/h6>\n\n\t\t<\/div>\n\t<\/div>\n<div class=\"mkdf-single-image-holder\">\n    <div class=\"mkdf-si-inner\" >\n                                    <img loading=\"lazy\" decoding=\"async\" width=\"635\" height=\"400\" src=\"https:\/\/www.agasalle.es\/wp-content\/uploads\/2023\/07\/naturaleza_01-1.png\" class=\"attachment-full size-full\" alt=\"\" srcset=\"https:\/\/www.agasalle.es\/wp-content\/uploads\/2023\/07\/naturaleza_01-1.png 635w, https:\/\/www.agasalle.es\/wp-content\/uploads\/2023\/07\/naturaleza_01-1-300x189.png 300w\" sizes=\"auto, (max-width: 635px) 100vw, 635px\" \/>                        <\/div>\n<\/div><\/div><\/div><\/div><\/div><\/div><\/div><div class=\"mkdf-row-grid-section-wrapper\"  ><div class=\"mkdf-row-grid-section\"><div class=\"vc_row wpb_row vc_row-fluid vc_custom_1690807797403\" ><div class=\"wpb_column vc_column_container vc_col-sm-3\"><div class=\"vc_column-inner\"><div class=\"wpb_wrapper\">\n\t<div class=\"wpb_text_column wpb_content_element  vc_custom_1695719902212\" >\n\t\t<div class=\"wpb_wrapper\">\n\t\t\t<h6 style=\"text-align: center;\">Music and sport \u2013 Motor skills<\/h6>\n\n\t\t<\/div>\n\t<\/div>\n<div class=\"mkdf-single-image-holder\">\n    <div class=\"mkdf-si-inner\" >\n                                    <img loading=\"lazy\" decoding=\"async\" width=\"635\" height=\"400\" src=\"https:\/\/www.agasalle.es\/wp-content\/uploads\/2023\/10\/psico_01.jpg\" class=\"attachment-full size-full\" alt=\"\" srcset=\"https:\/\/www.agasalle.es\/wp-content\/uploads\/2023\/10\/psico_01.jpg 635w, https:\/\/www.agasalle.es\/wp-content\/uploads\/2023\/10\/psico_01-300x189.jpg 300w, https:\/\/www.agasalle.es\/wp-content\/uploads\/2023\/10\/psico_01-18x12.jpg 18w\" sizes=\"auto, (max-width: 635px) 100vw, 635px\" \/>                        <\/div>\n<\/div><\/div><\/div><\/div><div class=\"wpb_column vc_column_container vc_col-sm-3\"><div class=\"vc_column-inner\"><div class=\"wpb_wrapper\">\n\t<div class=\"wpb_text_column wpb_content_element  vc_custom_1695719907871\" >\n\t\t<div class=\"wpb_wrapper\">\n\t\t\t<h6 style=\"text-align: center;\">Healthy and balanced diet<\/h6>\n\n\t\t<\/div>\n\t<\/div>\n<div class=\"mkdf-single-image-holder\">\n    <div class=\"mkdf-si-inner\" >\n                                    <img loading=\"lazy\" decoding=\"async\" width=\"635\" height=\"400\" src=\"https:\/\/www.agasalle.es\/wp-content\/uploads\/2023\/10\/comida.jpg\" class=\"attachment-full size-full\" alt=\"\" srcset=\"https:\/\/www.agasalle.es\/wp-content\/uploads\/2023\/10\/comida.jpg 635w, https:\/\/www.agasalle.es\/wp-content\/uploads\/2023\/10\/comida-300x189.jpg 300w, https:\/\/www.agasalle.es\/wp-content\/uploads\/2023\/10\/comida-18x12.jpg 18w\" sizes=\"auto, (max-width: 635px) 100vw, 635px\" \/>                        <\/div>\n<\/div><\/div><\/div><\/div><div class=\"wpb_column vc_column_container vc_col-sm-3\"><div class=\"vc_column-inner\"><div class=\"wpb_wrapper\">\n\t<div class=\"wpb_text_column wpb_content_element  vc_custom_1697529206925\" >\n\t\t<div class=\"wpb_wrapper\">\n\t\t\t<h6 style=\"text-align: center;\">Safetly, love<br \/>\nAnd joy<\/h6>\n\n\t\t<\/div>\n\t<\/div>\n<div class=\"mkdf-single-image-holder\">\n    <div class=\"mkdf-si-inner\" >\n                                    <img loading=\"lazy\" decoding=\"async\" width=\"635\" height=\"400\" src=\"https:\/\/www.agasalle.es\/wp-content\/uploads\/2023\/10\/seguridad_01.jpg\" class=\"attachment-full size-full\" alt=\"\" srcset=\"https:\/\/www.agasalle.es\/wp-content\/uploads\/2023\/10\/seguridad_01.jpg 635w, https:\/\/www.agasalle.es\/wp-content\/uploads\/2023\/10\/seguridad_01-300x189.jpg 300w, https:\/\/www.agasalle.es\/wp-content\/uploads\/2023\/10\/seguridad_01-18x12.jpg 18w\" sizes=\"auto, (max-width: 635px) 100vw, 635px\" \/>                        <\/div>\n<\/div><\/div><\/div><\/div><\/div><\/div><\/div>","protected":false},"excerpt":{"rendered":"La escuela infantil Agasalle, lleva a cabo una metodolog\u00eda activa basada en instalaciones art\u00edsticas. Sus instalaciones est\u00e1n llenas de\u00a0 diversas experiencias donde lo importante es el ni\u00f1o\/a como protagonista. Nuestra se\u00f1a de identidad son estas instalaciones construidas para ofrecer a [...]","protected":false},"author":1,"featured_media":0,"parent":0,"menu_order":0,"comment_status":"closed","ping_status":"closed","template":"full-width.php","meta":{"footnotes":""},"class_list":["post-1969","page","type-page","status-publish","hentry"],"yoast_head":"<!-- This site is optimized with the Yoast SEO plugin v27.4 - https:\/\/yoast.com\/product\/yoast-seo-wordpress\/ -->\n<title>Proyecto Educativo - Agasalle<\/title>\n<meta name=\"robots\" content=\"index, follow, max-snippet:-1, max-image-preview:large, max-video-preview:-1\" \/>\n<link rel=\"canonical\" href=\"https:\/\/www.agasalle.es\/en\/proyecto-educativo\/\" \/>\n<meta property=\"og:locale\" content=\"en_GB\" \/>\n<meta property=\"og:type\" content=\"article\" \/>\n<meta property=\"og:title\" content=\"Proyecto Educativo - Agasalle\" \/>\n<meta property=\"og:url\" content=\"https:\/\/www.agasalle.es\/en\/proyecto-educativo\/\" \/>\n<meta property=\"og:site_name\" content=\"Agasalle\" \/>\n<meta property=\"article:modified_time\" content=\"2023-10-17T07:59:17+00:00\" \/>\n<meta name=\"twitter:card\" content=\"summary_large_image\" \/>\n<meta name=\"twitter:label1\" content=\"Estimated reading time\" \/>\n\t<meta name=\"twitter:data1\" content=\"3 minutes\" \/>\n<script type=\"application\/ld+json\" class=\"yoast-schema-graph\">{\"@context\":\"https:\\\/\\\/schema.org\",\"@graph\":[{\"@type\":\"WebPage\",\"@id\":\"https:\\\/\\\/www.agasalle.es\\\/proyecto-educativo\\\/\",\"url\":\"https:\\\/\\\/www.agasalle.es\\\/proyecto-educativo\\\/\",\"name\":\"Proyecto Educativo - Agasalle\",\"isPartOf\":{\"@id\":\"https:\\\/\\\/www.agasalle.es\\\/#website\"},\"datePublished\":\"2023-08-14T11:58:42+00:00\",\"dateModified\":\"2023-10-17T07:59:17+00:00\",\"breadcrumb\":{\"@id\":\"https:\\\/\\\/www.agasalle.es\\\/proyecto-educativo\\\/#breadcrumb\"},\"inLanguage\":\"en-GB\",\"potentialAction\":[{\"@type\":\"ReadAction\",\"target\":[\"https:\\\/\\\/www.agasalle.es\\\/proyecto-educativo\\\/\"]}]},{\"@type\":\"BreadcrumbList\",\"@id\":\"https:\\\/\\\/www.agasalle.es\\\/proyecto-educativo\\\/#breadcrumb\",\"itemListElement\":[{\"@type\":\"ListItem\",\"position\":1,\"name\":\"Portada\",\"item\":\"https:\\\/\\\/www.agasalle.es\\\/\"},{\"@type\":\"ListItem\",\"position\":2,\"name\":\"Proyecto Educativo\"}]},{\"@type\":\"WebSite\",\"@id\":\"https:\\\/\\\/www.agasalle.es\\\/#website\",\"url\":\"https:\\\/\\\/www.agasalle.es\\\/\",\"name\":\"Agasalle\",\"description\":\"Escuela infantil pluriling\u00fce\",\"potentialAction\":[{\"@type\":\"SearchAction\",\"target\":{\"@type\":\"EntryPoint\",\"urlTemplate\":\"https:\\\/\\\/www.agasalle.es\\\/?s={search_term_string}\"},\"query-input\":{\"@type\":\"PropertyValueSpecification\",\"valueRequired\":true,\"valueName\":\"search_term_string\"}}],\"inLanguage\":\"en-GB\"}]}<\/script>\n<!-- \/ Yoast SEO plugin. -->","yoast_head_json":{"title":"Educational Project - Agasalle","robots":{"index":"index","follow":"follow","max-snippet":"max-snippet:-1","max-image-preview":"max-image-preview:large","max-video-preview":"max-video-preview:-1"},"canonical":"https:\/\/www.agasalle.es\/en\/proyecto-educativo\/","og_locale":"en_GB","og_type":"article","og_title":"Proyecto Educativo - Agasalle","og_url":"https:\/\/www.agasalle.es\/en\/proyecto-educativo\/","og_site_name":"Agasalle","article_modified_time":"2023-10-17T07:59:17+00:00","twitter_card":"summary_large_image","twitter_misc":{"Estimated reading time":"3 minutes"},"schema":{"@context":"https:\/\/schema.org","@graph":[{"@type":"WebPage","@id":"https:\/\/www.agasalle.es\/proyecto-educativo\/","url":"https:\/\/www.agasalle.es\/proyecto-educativo\/","name":"Educational Project - Agasalle","isPartOf":{"@id":"https:\/\/www.agasalle.es\/#website"},"datePublished":"2023-08-14T11:58:42+00:00","dateModified":"2023-10-17T07:59:17+00:00","breadcrumb":{"@id":"https:\/\/www.agasalle.es\/proyecto-educativo\/#breadcrumb"},"inLanguage":"en-GB","potentialAction":[{"@type":"ReadAction","target":["https:\/\/www.agasalle.es\/proyecto-educativo\/"]}]},{"@type":"BreadcrumbList","@id":"https:\/\/www.agasalle.es\/proyecto-educativo\/#breadcrumb","itemListElement":[{"@type":"ListItem","position":1,"name":"Portada","item":"https:\/\/www.agasalle.es\/"},{"@type":"ListItem","position":2,"name":"Proyecto Educativo"}]},{"@type":"WebSite","@id":"https:\/\/www.agasalle.es\/#website","url":"https:\/\/www.agasalle.es\/","name":"agasalle","description":"Multilingual nursery school","potentialAction":[{"@type":"SearchAction","target":{"@type":"EntryPoint","urlTemplate":"https:\/\/www.agasalle.es\/?s={search_term_string}"},"query-input":{"@type":"PropertyValueSpecification","valueRequired":true,"valueName":"search_term_string"}}],"inLanguage":"en-GB"}]}},"_links":{"self":[{"href":"https:\/\/www.agasalle.es\/en\/wp-json\/wp\/v2\/pages\/1969","targetHints":{"allow":["GET"]}}],"collection":[{"href":"https:\/\/www.agasalle.es\/en\/wp-json\/wp\/v2\/pages"}],"about":[{"href":"https:\/\/www.agasalle.es\/en\/wp-json\/wp\/v2\/types\/page"}],"author":[{"embeddable":true,"href":"https:\/\/www.agasalle.es\/en\/wp-json\/wp\/v2\/users\/1"}],"replies":[{"embeddable":true,"href":"https:\/\/www.agasalle.es\/en\/wp-json\/wp\/v2\/comments?post=1969"}],"version-history":[{"count":30,"href":"https:\/\/www.agasalle.es\/en\/wp-json\/wp\/v2\/pages\/1969\/revisions"}],"predecessor-version":[{"id":1973,"href":"https:\/\/www.agasalle.es\/en\/wp-json\/wp\/v2\/pages\/1969\/revisions\/1973"}],"wp:attachment":[{"href":"https:\/\/www.agasalle.es\/en\/wp-json\/wp\/v2\/media?parent=1969"}],"curies":[{"name":"wp","href":"https:\/\/api.w.org\/{rel}","templated":true}]}}